{"id":74,"date":"2019-06-07T02:23:09","date_gmt":"2019-06-07T05:23:09","guid":{"rendered":"http:\/\/tbhs.cl\/?page_id=74"},"modified":"2024-10-17T13:21:11","modified_gmt":"2024-10-17T16:21:11","slug":"preguntas-frecuentes","status":"publish","type":"page","link":"https:\/\/www.tbhs.cl\/?page_id=74","title":{"rendered":"Preguntas Frecuentes"},"content":{"rendered":"\t\t<div data-elementor-type=\"wp-post\" data-elementor-id=\"74\" class=\"elementor elementor-74\">\n\t\t\t\t\t\t<div class=\"elementor-inner\">\n\t\t\t\t<div class=\"elementor-section-wrap\">\n\t\t\t\t\t\t\t\t\t<section class=\"elementor-section elementor-top-section elementor-element elementor-element-507158fd elementor-section-boxed elementor-section-height-default elementor-section-height-default\" data-id=\"507158fd\" data-element_type=\"section\">\n\t\t\t\t\t\t<div class=\"elementor-container elementor-column-gap-default\">\n\t\t\t\t\t\t\t<div class=\"elementor-row\">\n\t\t\t\t\t<div class=\"elementor-column elementor-col-100 elementor-top-column elementor-element elementor-element-68f794b9\" data-id=\"68f794b9\" data-element_type=\"column\">\n\t\t\t<div class=\"elementor-column-wrap elementor-element-populated\">\n\t\t\t\t\t\t\t<div class=\"elementor-widget-wrap\">\n\t\t\t\t\t\t<div class=\"elementor-element elementor-element-495ce0d6 elementor-widget elementor-widget-text-editor\" data-id=\"495ce0d6\" data-element_type=\"widget\" data-widget_type=\"text-editor.default\">\n\t\t\t\t<div class=\"elementor-widget-container\">\n\t\t\t\t\t\t\t\t<div class=\"elementor-text-editor elementor-clearfix\">\n\t\t\t\t<p>\u00a0<\/p>\n<p><!-- wp:paragraph --><\/p>\n<h1><strong>\u00a0 \u00a0 \u00a0 \u00a0 \u00a0 \u00a0 \u00a0 \u00a0 \u00a0 \u00a0 \u00a0 \u00a0 \u00a0 \u00a0 \u00a0 \u00a0 \u00a0 \u00a0 Sobre Servidores Empresariales<\/strong><\/h1>\n<ul>\n<li>\n<h4>\u00a0<\/h4>\n<\/li>\n<li>\n<div>\u00a0<\/div>\n<\/li>\n<li>\n<h3><strong>\u00bfQu\u00e9 es un servidor f\u00edsico y por qu\u00e9 es importante para mi empresa?<br \/><\/strong>Un servidor f\u00edsico es un equipo que centraliza y gestiona los recursos de TI de tu empresa. Es crucial para alojar aplicaciones cr\u00edticas, gestionar datos y garantizar la seguridad de tu infraestructura tecnol\u00f3gica.<\/h3>\n<\/li>\n<li>\n<h3>\u00a0<\/h3>\n<\/li>\n<li>\n<h3><br \/><strong>\u00bfC\u00f3mo puedo integrar un servidor f\u00edsico en mi red actual?<br \/><\/strong>Integrar un servidor requiere conectarlo a tu red local mediante switches o routers. Puede manejar m\u00faltiples funciones, como almacenamiento, virtualizaci\u00f3n o procesamiento de datos.<\/h3>\n<\/li>\n<li>\n<h3>\u00a0<\/h3>\n<\/li>\n<li>\n<h3><br \/><strong>\u00bfCu\u00e1les son las ventajas de tener un servidor propio frente a soluciones en la nube?<br \/><\/strong>Un servidor propio ofrece control total, menor latencia, mayor seguridad f\u00edsica y menores costos a largo plazo si gestionas grandes cargas de trabajo.<\/h3>\n<\/li>\n<li>\n<h3>\u00a0<\/h3>\n<\/li>\n<li>\n<h3><br \/><strong>\u00bfQu\u00e9 factores debo considerar al elegir un servidor f\u00edsico?<br \/><\/strong>Considera la cantidad de CPU, memoria RAM, almacenamiento, la redundancia de componentes (fuentes de poder, discos), y la capacidad de expansi\u00f3n.<\/h3>\n<\/li>\n<li>\n<h3>\u00a0<\/h3>\n<\/li>\n<li>\n<h3><br \/><strong>\u00bfQu\u00e9 tipo de aplicaciones o servicios puedo ejecutar en un servidor f\u00edsico?<br \/><\/strong>Puedes ejecutar bases de datos, servidores web, aplicaciones empresariales, servicios de correo, virtualizaci\u00f3n, y mucho m\u00e1s.<\/h3>\n<\/li>\n<li>\n<h3>\u00a0<\/h3>\n<\/li>\n<li>\n<h3><br \/><strong>\u00bfC\u00f3mo puedo asegurar la continuidad del servicio si mi servidor falla?<br \/><\/strong>Implementa redundancia con RAID para discos, fuentes de alimentaci\u00f3n duales, y usa sistemas de respaldo de datos regulares para restauraci\u00f3n r\u00e1pida.<\/h3>\n<\/li>\n<li>\n<h3>\u00a0<\/h3>\n<\/li>\n<li>\n<h3><br \/><strong>\u00bfQu\u00e9 requisitos de energ\u00eda y refrigeraci\u00f3n necesita un servidor f\u00edsico?<br \/><\/strong>Los servidores requieren UPS para continuidad energ\u00e9tica y sistemas de refrigeraci\u00f3n eficientes para evitar sobrecalentamientos, especialmente en entornos de datacenter.<\/h3>\n<\/li>\n<li>\n<h3>\u00a0<\/h3>\n<\/li>\n<li>\n<h3><br \/><strong>\u00bfC\u00f3mo se gestiona la seguridad en un servidor f\u00edsico?<br \/><\/strong>Protege con firewalls, encriptaci\u00f3n de datos, y configuraciones de seguridad en el sistema operativo. Actualiza regularmente el software para prevenir vulnerabilidades.<\/h3>\n<\/li>\n<li>\n<h3>\u00a0<\/h3>\n<\/li>\n<li>\n<h3><br \/><strong>\u00bfQu\u00e9 soporte t\u00e9cnico est\u00e1 disponible para los servidores que adquiera?<br \/><\/strong>Ofrecemos soporte t\u00e9cnico para instalaci\u00f3n, configuraci\u00f3n, mantenimiento preventivo, y soporte de emergencia en caso de fallos o incidentes.<\/h3>\n<\/li>\n<li>\n<h3>\u00a0<\/h3>\n<\/li>\n<li>\n<h3><br \/><strong>\u00bfCu\u00e1nto espacio ocupa un servidor f\u00edsico y qu\u00e9 infraestructura necesito?<\/strong><\/h3>\n<\/li>\n<li>\n<h3>Los servidores normalmente ocupan espacio en racks, que var\u00edan en tama\u00f1o. Necesitar\u00e1s un espacio con acceso a energ\u00eda, refrigeraci\u00f3n adecuada y conectividad de red.<\/h3>\n<\/li>\n<li>\u00a0<\/li>\n<\/ul>\t\t\t\t\t<\/div>\n\t\t\t\t\t\t<\/div>\n\t\t\t\t<\/div>\n\t\t\t\t\t\t<\/div>\n\t\t\t\t\t<\/div>\n\t\t<\/div>\n\t\t\t\t\t\t\t\t<\/div>\n\t\t\t\t\t<\/div>\n\t\t<\/section>\n\t\t\t\t\t\t\t\t\t<\/div>\n\t\t\t<\/div>\n\t\t\t\t\t<\/div>\n\t\t","protected":false},"excerpt":{"rendered":"<p>\u00a0 \u00a0 \u00a0 \u00a0 \u00a0 \u00a0 \u00a0 \u00a0 \u00a0 \u00a0 \u00a0 \u00a0 \u00a0 \u00a0 \u00a0 \u00a0 \u00a0 \u00a0 \u00a0 Sobre Servidores Empresariales \u00a0 \u00a0 \u00bfQu\u00e9 es un servidor f\u00edsico y por qu\u00e9 es importante para mi empresa?Un servidor f\u00edsico es un equipo que centraliza y gestiona los recursos de TI de tu empresa. Es crucial [&hellip;]<\/p>\n","protected":false},"author":1,"featured_media":0,"parent":0,"menu_order":0,"comment_status":"closed","ping_status":"closed","template":"","meta":[],"featured_image_urls":{"full":"","thumbnail":"","medium":"","medium_large":"","large":"","1536x1536":"","2048x2048":""},"post_excerpt_stackable":"<p>\u00a0 \u00a0 \u00a0 \u00a0 \u00a0 \u00a0 \u00a0 \u00a0 \u00a0 \u00a0 \u00a0 \u00a0 \u00a0 \u00a0 \u00a0 \u00a0 \u00a0 \u00a0 \u00a0 Sobre Servidores Empresariales \u00a0 \u00a0 \u00bfQu\u00e9 es un servidor f\u00edsico y por qu\u00e9 es importante para mi empresa?Un servidor f\u00edsico es un equipo que centraliza y gestiona los recursos de TI de tu empresa. Es crucial para alojar aplicaciones cr\u00edticas, gestionar datos y garantizar la seguridad de tu infraestructura tecnol\u00f3gica. \u00a0 \u00bfC\u00f3mo puedo integrar un servidor f\u00edsico en mi red actual?Integrar un servidor requiere conectarlo a tu red local mediante switches o routers. Puede manejar m\u00faltiples funciones, como almacenamiento, virtualizaci\u00f3n o&hellip;<\/p>\n","category_list":"","author_info":{"name":"TheBass","url":"https:\/\/www.tbhs.cl\/?author=1"},"comments_num":"0 comentarios","featured_image_urls_v2":{"full":"","thumbnail":"","medium":"","medium_large":"","large":"","1536x1536":"","2048x2048":""},"post_excerpt_stackable_v2":"<p>\u00a0 \u00a0 \u00a0 \u00a0 \u00a0 \u00a0 \u00a0 \u00a0 \u00a0 \u00a0 \u00a0 \u00a0 \u00a0 \u00a0 \u00a0 \u00a0 \u00a0 \u00a0 \u00a0 Sobre Servidores Empresariales \u00a0 \u00a0 \u00bfQu\u00e9 es un servidor f\u00edsico y por qu\u00e9 es importante para mi empresa?Un servidor f\u00edsico es un equipo que centraliza y gestiona los recursos de TI de tu empresa. Es crucial para alojar aplicaciones cr\u00edticas, gestionar datos y garantizar la seguridad de tu infraestructura tecnol\u00f3gica. \u00a0 \u00bfC\u00f3mo puedo integrar un servidor f\u00edsico en mi red actual?Integrar un servidor requiere conectarlo a tu red local mediante switches o routers. Puede manejar m\u00faltiples funciones, como almacenamiento, virtualizaci\u00f3n o&hellip;<\/p>\n","category_list_v2":"","author_info_v2":{"name":"TheBass","url":"https:\/\/www.tbhs.cl\/?author=1"},"comments_num_v2":"0 comentarios","yoast_head":"<!-- This site is optimized with the Yoast SEO Premium plugin v17.8 (Yoast SEO v18.5.1) - https:\/\/yoast.com\/wordpress\/plugins\/seo\/ -->\n<title>Preguntas Frecuentes - TBHS SpA<\/title>\n<meta name=\"robots\" content=\"index, follow, max-snippet:-1, max-image-preview:large, max-video-preview:-1\" \/>\n<link rel=\"canonical\" href=\"https:\/\/www.tbhs.cl\/?page_id=74\" \/>\n<meta property=\"og:locale\" content=\"es_ES\" \/>\n<meta property=\"og:type\" content=\"article\" \/>\n<meta property=\"og:title\" content=\"Preguntas Frecuentes\" \/>\n<meta property=\"og:description\" content=\"\u00a0 \u00a0 \u00a0 \u00a0 \u00a0 \u00a0 \u00a0 \u00a0 \u00a0 \u00a0 \u00a0 \u00a0 \u00a0 \u00a0 \u00a0 \u00a0 \u00a0 \u00a0 \u00a0 Sobre Servidores Empresariales \u00a0 \u00a0 \u00bfQu\u00e9 es un servidor f\u00edsico y por qu\u00e9 es importante para mi empresa?Un servidor f\u00edsico es un equipo que centraliza y gestiona los recursos de TI de tu empresa. Es crucial [&hellip;]\" \/>\n<meta property=\"og:url\" content=\"https:\/\/www.tbhs.cl\/?page_id=74\" \/>\n<meta property=\"og:site_name\" content=\"TBHS SpA\" \/>\n<meta property=\"article:modified_time\" content=\"2024-10-17T16:21:11+00:00\" \/>\n<meta name=\"twitter:card\" content=\"summary_large_image\" \/>\n<meta name=\"twitter:label1\" content=\"Tiempo de lectura\" \/>\n\t<meta name=\"twitter:data1\" content=\"2 minutos\" \/>\n<script type=\"application\/ld+json\" class=\"yoast-schema-graph\">{\"@context\":\"https:\/\/schema.org\",\"@graph\":[{\"@type\":\"WebSite\",\"@id\":\"https:\/\/www.tbhs.cl\/#website\",\"url\":\"https:\/\/www.tbhs.cl\/\",\"name\":\"TBHS SpA\",\"description\":\"Imagina las posibilidades, piensa en grande...\",\"potentialAction\":[{\"@type\":\"SearchAction\",\"target\":{\"@type\":\"EntryPoint\",\"urlTemplate\":\"https:\/\/www.tbhs.cl\/?s={search_term_string}\"},\"query-input\":\"required name=search_term_string\"}],\"inLanguage\":\"es\"},{\"@type\":\"WebPage\",\"@id\":\"https:\/\/www.tbhs.cl\/?page_id=74#webpage\",\"url\":\"https:\/\/www.tbhs.cl\/?page_id=74\",\"name\":\"Preguntas Frecuentes - TBHS SpA\",\"isPartOf\":{\"@id\":\"https:\/\/www.tbhs.cl\/#website\"},\"datePublished\":\"2019-06-07T05:23:09+00:00\",\"dateModified\":\"2024-10-17T16:21:11+00:00\",\"breadcrumb\":{\"@id\":\"https:\/\/www.tbhs.cl\/?page_id=74#breadcrumb\"},\"inLanguage\":\"es\",\"potentialAction\":[{\"@type\":\"ReadAction\",\"target\":[\"https:\/\/www.tbhs.cl\/?page_id=74\"]}]},{\"@type\":\"BreadcrumbList\",\"@id\":\"https:\/\/www.tbhs.cl\/?page_id=74#breadcrumb\",\"itemListElement\":[{\"@type\":\"ListItem\",\"position\":1,\"name\":\"Portada\",\"item\":\"https:\/\/www.tbhs.cl\/\"},{\"@type\":\"ListItem\",\"position\":2,\"name\":\"Preguntas Frecuentes\"}]}]}<\/script>\n<!-- \/ Yoast SEO Premium plugin. -->","yoast_head_json":{"title":"Preguntas Frecuentes - TBHS SpA","robots":{"index":"index","follow":"follow","max-snippet":"max-snippet:-1","max-image-preview":"max-image-preview:large","max-video-preview":"max-video-preview:-1"},"canonical":"https:\/\/www.tbhs.cl\/?page_id=74","og_locale":"es_ES","og_type":"article","og_title":"Preguntas Frecuentes","og_description":"\u00a0 \u00a0 \u00a0 \u00a0 \u00a0 \u00a0 \u00a0 \u00a0 \u00a0 \u00a0 \u00a0 \u00a0 \u00a0 \u00a0 \u00a0 \u00a0 \u00a0 \u00a0 \u00a0 Sobre Servidores Empresariales \u00a0 \u00a0 \u00bfQu\u00e9 es un servidor f\u00edsico y por qu\u00e9 es importante para mi empresa?Un servidor f\u00edsico es un equipo que centraliza y gestiona los recursos de TI de tu empresa. Es crucial [&hellip;]","og_url":"https:\/\/www.tbhs.cl\/?page_id=74","og_site_name":"TBHS SpA","article_modified_time":"2024-10-17T16:21:11+00:00","twitter_card":"summary_large_image","twitter_misc":{"Tiempo de lectura":"2 minutos"},"schema":{"@context":"https:\/\/schema.org","@graph":[{"@type":"WebSite","@id":"https:\/\/www.tbhs.cl\/#website","url":"https:\/\/www.tbhs.cl\/","name":"TBHS SpA","description":"Imagina las posibilidades, piensa en grande...","potentialAction":[{"@type":"SearchAction","target":{"@type":"EntryPoint","urlTemplate":"https:\/\/www.tbhs.cl\/?s={search_term_string}"},"query-input":"required name=search_term_string"}],"inLanguage":"es"},{"@type":"WebPage","@id":"https:\/\/www.tbhs.cl\/?page_id=74#webpage","url":"https:\/\/www.tbhs.cl\/?page_id=74","name":"Preguntas Frecuentes - TBHS SpA","isPartOf":{"@id":"https:\/\/www.tbhs.cl\/#website"},"datePublished":"2019-06-07T05:23:09+00:00","dateModified":"2024-10-17T16:21:11+00:00","breadcrumb":{"@id":"https:\/\/www.tbhs.cl\/?page_id=74#breadcrumb"},"inLanguage":"es","potentialAction":[{"@type":"ReadAction","target":["https:\/\/www.tbhs.cl\/?page_id=74"]}]},{"@type":"BreadcrumbList","@id":"https:\/\/www.tbhs.cl\/?page_id=74#breadcrumb","itemListElement":[{"@type":"ListItem","position":1,"name":"Portada","item":"https:\/\/www.tbhs.cl\/"},{"@type":"ListItem","position":2,"name":"Preguntas Frecuentes"}]}]}},"_links":{"self":[{"href":"https:\/\/www.tbhs.cl\/index.php?rest_route=\/wp\/v2\/pages\/74"}],"collection":[{"href":"https:\/\/www.tbhs.cl\/index.php?rest_route=\/wp\/v2\/pages"}],"about":[{"href":"https:\/\/www.tbhs.cl\/index.php?rest_route=\/wp\/v2\/types\/page"}],"author":[{"embeddable":true,"href":"https:\/\/www.tbhs.cl\/index.php?rest_route=\/wp\/v2\/users\/1"}],"replies":[{"embeddable":true,"href":"https:\/\/www.tbhs.cl\/index.php?rest_route=%2Fwp%2Fv2%2Fcomments&post=74"}],"version-history":[{"count":27,"href":"https:\/\/www.tbhs.cl\/index.php?rest_route=\/wp\/v2\/pages\/74\/revisions"}],"predecessor-version":[{"id":1428,"href":"https:\/\/www.tbhs.cl\/index.php?rest_route=\/wp\/v2\/pages\/74\/revisions\/1428"}],"wp:attachment":[{"href":"https:\/\/www.tbhs.cl\/index.php?rest_route=%2Fwp%2Fv2%2Fmedia&parent=74"}],"curies":[{"name":"wp","href":"https:\/\/api.w.org\/{rel}","templated":true}]}}