{"id":88,"date":"2019-06-07T02:40:01","date_gmt":"2019-06-07T05:40:01","guid":{"rendered":"http:\/\/tbhs.cl\/?page_id=88"},"modified":"2024-10-19T22:10:58","modified_gmt":"2024-10-20T01:10:58","slug":"sobre-nosotros","status":"publish","type":"page","link":"https:\/\/www.tbhs.cl\/?page_id=88","title":{"rendered":"Sobre Nosotros"},"content":{"rendered":"\n<h5>NUESTRA MISI\u00d3N<\/h5>\n\n\n\n<p>En <strong>TBHS SpA<\/strong>, nos dedicamos a la venta y reacondicionamiento de servidores y equipos de datacenter, con m\u00e1s de 6 a\u00f1os de experiencia en el mercado. Nuestro enfoque est\u00e1 en proporcionar soluciones tecnol\u00f3gicas personalizadas para empresas, garantizando equipos de alto rendimiento y un servicio de primera calidad.<\/p>\n\n\n\n<hr class=\"wp-block-separator\"\/>\n\n\n\n<h5>NUESTRA VISI\u00d3N<\/h5>\n\n\n\n<p>Nos especializamos en la selecci\u00f3n, reacondicionamiento y optimizaci\u00f3n de hardware de datacenter, ofreciendo productos que cumplen con los m\u00e1s altos est\u00e1ndares de calidad y a precios competitivos. Adem\u00e1s, brindamos servicios TI integrales que permiten a nuestros clientes maximizar la eficiencia de su infraestructura tecnol\u00f3gica, desde la instalaci\u00f3n y configuraci\u00f3n hasta el mantenimiento y soporte t\u00e9cnico.<\/p>\n\n\n\n<hr class=\"wp-block-separator\"\/>\n\n\n\n<h5>EQUIPO EXPERTO Y CALIFICADO<\/h5>\n\n\n\n<p>Nuestro equipo de profesionales tiene un profundo conocimiento en servidores, redes y virtualizaci\u00f3n, lo que nos permite entender y satisfacer las necesidades espec\u00edficas de cada cliente. En TBHS SpA, no solo vendemos productos, sino que ofrecemos un servicio confiable y personalizado, respaldado por nuestra experiencia y compromiso con la satisfacci\u00f3n del cliente.<\/p>\n","protected":false},"excerpt":{"rendered":"<p>NUESTRA MISI\u00d3N En TBHS SpA, nos dedicamos a la venta y reacondicionamiento de servidores y equipos de datacenter, con m\u00e1s de 6 a\u00f1os de experiencia en el mercado. Nuestro enfoque est\u00e1 en proporcionar soluciones tecnol\u00f3gicas personalizadas para empresas, garantizando equipos de alto rendimiento y un servicio de primera calidad. NUESTRA VISI\u00d3N Nos especializamos en la [&hellip;]<\/p>\n","protected":false},"author":1,"featured_media":0,"parent":0,"menu_order":0,"comment_status":"closed","ping_status":"closed","template":"","meta":[],"featured_image_urls":{"full":"","thumbnail":"","medium":"","medium_large":"","large":"","1536x1536":"","2048x2048":""},"post_excerpt_stackable":"<p>NUESTRA MISI\u00d3N En TBHS SpA, nos dedicamos a la venta y reacondicionamiento de servidores y equipos de datacenter, con m\u00e1s de 6 a\u00f1os de experiencia en el mercado. Nuestro enfoque est\u00e1 en proporcionar soluciones tecnol\u00f3gicas personalizadas para empresas, garantizando equipos de alto rendimiento y un servicio de primera calidad. NUESTRA VISI\u00d3N Nos especializamos en la selecci\u00f3n, reacondicionamiento y optimizaci\u00f3n de hardware de datacenter, ofreciendo productos que cumplen con los m\u00e1s altos est\u00e1ndares de calidad y a precios competitivos. Adem\u00e1s, brindamos servicios TI integrales que permiten a nuestros clientes maximizar la eficiencia de su infraestructura tecnol\u00f3gica, desde la instalaci\u00f3n y configuraci\u00f3n&hellip;<\/p>\n","category_list":"","author_info":{"name":"TheBass","url":"https:\/\/www.tbhs.cl\/?author=1"},"comments_num":"0 comentarios","featured_image_urls_v2":{"full":"","thumbnail":"","medium":"","medium_large":"","large":"","1536x1536":"","2048x2048":""},"post_excerpt_stackable_v2":"<p>NUESTRA MISI\u00d3N En TBHS SpA, nos dedicamos a la venta y reacondicionamiento de servidores y equipos de datacenter, con m\u00e1s de 6 a\u00f1os de experiencia en el mercado. Nuestro enfoque est\u00e1 en proporcionar soluciones tecnol\u00f3gicas personalizadas para empresas, garantizando equipos de alto rendimiento y un servicio de primera calidad. NUESTRA VISI\u00d3N Nos especializamos en la selecci\u00f3n, reacondicionamiento y optimizaci\u00f3n de hardware de datacenter, ofreciendo productos que cumplen con los m\u00e1s altos est\u00e1ndares de calidad y a precios competitivos. Adem\u00e1s, brindamos servicios TI integrales que permiten a nuestros clientes maximizar la eficiencia de su infraestructura tecnol\u00f3gica, desde la instalaci\u00f3n y configuraci\u00f3n&hellip;<\/p>\n","category_list_v2":"","author_info_v2":{"name":"TheBass","url":"https:\/\/www.tbhs.cl\/?author=1"},"comments_num_v2":"0 comentarios","yoast_head":"<!-- This site is optimized with the Yoast SEO Premium plugin v17.8 (Yoast SEO v18.5.1) - https:\/\/yoast.com\/wordpress\/plugins\/seo\/ -->\n<title>Sobre Nosotros - TBHS SpA<\/title>\n<meta name=\"robots\" content=\"index, follow, max-snippet:-1, max-image-preview:large, max-video-preview:-1\" \/>\n<link rel=\"canonical\" href=\"https:\/\/www.tbhs.cl\/?page_id=88\" \/>\n<meta property=\"og:locale\" content=\"es_ES\" \/>\n<meta property=\"og:type\" content=\"article\" \/>\n<meta property=\"og:title\" content=\"Sobre Nosotros\" \/>\n<meta property=\"og:description\" content=\"NUESTRA MISI\u00d3N En TBHS SpA, nos dedicamos a la venta y reacondicionamiento de servidores y equipos de datacenter, con m\u00e1s de 6 a\u00f1os de experiencia en el mercado. Nuestro enfoque est\u00e1 en proporcionar soluciones tecnol\u00f3gicas personalizadas para empresas, garantizando equipos de alto rendimiento y un servicio de primera calidad. NUESTRA VISI\u00d3N Nos especializamos en la [&hellip;]\" \/>\n<meta property=\"og:url\" content=\"https:\/\/www.tbhs.cl\/?page_id=88\" \/>\n<meta property=\"og:site_name\" content=\"TBHS SpA\" \/>\n<meta property=\"article:modified_time\" content=\"2024-10-20T01:10:58+00:00\" \/>\n<meta name=\"twitter:card\" content=\"summary_large_image\" \/>\n<meta name=\"twitter:label1\" content=\"Tiempo de lectura\" \/>\n\t<meta name=\"twitter:data1\" content=\"1 minuto\" \/>\n<script type=\"application\/ld+json\" class=\"yoast-schema-graph\">{\"@context\":\"https:\/\/schema.org\",\"@graph\":[{\"@type\":\"WebSite\",\"@id\":\"https:\/\/www.tbhs.cl\/#website\",\"url\":\"https:\/\/www.tbhs.cl\/\",\"name\":\"TBHS SpA\",\"description\":\"Imagina las posibilidades, piensa en grande...\",\"potentialAction\":[{\"@type\":\"SearchAction\",\"target\":{\"@type\":\"EntryPoint\",\"urlTemplate\":\"https:\/\/www.tbhs.cl\/?s={search_term_string}\"},\"query-input\":\"required name=search_term_string\"}],\"inLanguage\":\"es\"},{\"@type\":\"WebPage\",\"@id\":\"https:\/\/www.tbhs.cl\/?page_id=88#webpage\",\"url\":\"https:\/\/www.tbhs.cl\/?page_id=88\",\"name\":\"Sobre Nosotros - TBHS SpA\",\"isPartOf\":{\"@id\":\"https:\/\/www.tbhs.cl\/#website\"},\"datePublished\":\"2019-06-07T05:40:01+00:00\",\"dateModified\":\"2024-10-20T01:10:58+00:00\",\"breadcrumb\":{\"@id\":\"https:\/\/www.tbhs.cl\/?page_id=88#breadcrumb\"},\"inLanguage\":\"es\",\"potentialAction\":[{\"@type\":\"ReadAction\",\"target\":[\"https:\/\/www.tbhs.cl\/?page_id=88\"]}]},{\"@type\":\"BreadcrumbList\",\"@id\":\"https:\/\/www.tbhs.cl\/?page_id=88#breadcrumb\",\"itemListElement\":[{\"@type\":\"ListItem\",\"position\":1,\"name\":\"Portada\",\"item\":\"https:\/\/www.tbhs.cl\/\"},{\"@type\":\"ListItem\",\"position\":2,\"name\":\"Sobre Nosotros\"}]}]}<\/script>\n<!-- \/ Yoast SEO Premium plugin. -->","yoast_head_json":{"title":"Sobre Nosotros - TBHS SpA","robots":{"index":"index","follow":"follow","max-snippet":"max-snippet:-1","max-image-preview":"max-image-preview:large","max-video-preview":"max-video-preview:-1"},"canonical":"https:\/\/www.tbhs.cl\/?page_id=88","og_locale":"es_ES","og_type":"article","og_title":"Sobre Nosotros","og_description":"NUESTRA MISI\u00d3N En TBHS SpA, nos dedicamos a la venta y reacondicionamiento de servidores y equipos de datacenter, con m\u00e1s de 6 a\u00f1os de experiencia en el mercado. Nuestro enfoque est\u00e1 en proporcionar soluciones tecnol\u00f3gicas personalizadas para empresas, garantizando equipos de alto rendimiento y un servicio de primera calidad. NUESTRA VISI\u00d3N Nos especializamos en la [&hellip;]","og_url":"https:\/\/www.tbhs.cl\/?page_id=88","og_site_name":"TBHS SpA","article_modified_time":"2024-10-20T01:10:58+00:00","twitter_card":"summary_large_image","twitter_misc":{"Tiempo de lectura":"1 minuto"},"schema":{"@context":"https:\/\/schema.org","@graph":[{"@type":"WebSite","@id":"https:\/\/www.tbhs.cl\/#website","url":"https:\/\/www.tbhs.cl\/","name":"TBHS SpA","description":"Imagina las posibilidades, piensa en grande...","potentialAction":[{"@type":"SearchAction","target":{"@type":"EntryPoint","urlTemplate":"https:\/\/www.tbhs.cl\/?s={search_term_string}"},"query-input":"required name=search_term_string"}],"inLanguage":"es"},{"@type":"WebPage","@id":"https:\/\/www.tbhs.cl\/?page_id=88#webpage","url":"https:\/\/www.tbhs.cl\/?page_id=88","name":"Sobre Nosotros - TBHS SpA","isPartOf":{"@id":"https:\/\/www.tbhs.cl\/#website"},"datePublished":"2019-06-07T05:40:01+00:00","dateModified":"2024-10-20T01:10:58+00:00","breadcrumb":{"@id":"https:\/\/www.tbhs.cl\/?page_id=88#breadcrumb"},"inLanguage":"es","potentialAction":[{"@type":"ReadAction","target":["https:\/\/www.tbhs.cl\/?page_id=88"]}]},{"@type":"BreadcrumbList","@id":"https:\/\/www.tbhs.cl\/?page_id=88#breadcrumb","itemListElement":[{"@type":"ListItem","position":1,"name":"Portada","item":"https:\/\/www.tbhs.cl\/"},{"@type":"ListItem","position":2,"name":"Sobre Nosotros"}]}]}},"_links":{"self":[{"href":"https:\/\/www.tbhs.cl\/index.php?rest_route=\/wp\/v2\/pages\/88"}],"collection":[{"href":"https:\/\/www.tbhs.cl\/index.php?rest_route=\/wp\/v2\/pages"}],"about":[{"href":"https:\/\/www.tbhs.cl\/index.php?rest_route=\/wp\/v2\/types\/page"}],"author":[{"embeddable":true,"href":"https:\/\/www.tbhs.cl\/index.php?rest_route=\/wp\/v2\/users\/1"}],"replies":[{"embeddable":true,"href":"https:\/\/www.tbhs.cl\/index.php?rest_route=%2Fwp%2Fv2%2Fcomments&post=88"}],"version-history":[{"count":1,"href":"https:\/\/www.tbhs.cl\/index.php?rest_route=\/wp\/v2\/pages\/88\/revisions"}],"predecessor-version":[{"id":1452,"href":"https:\/\/www.tbhs.cl\/index.php?rest_route=\/wp\/v2\/pages\/88\/revisions\/1452"}],"wp:attachment":[{"href":"https:\/\/www.tbhs.cl\/index.php?rest_route=%2Fwp%2Fv2%2Fmedia&parent=88"}],"curies":[{"name":"wp","href":"https:\/\/api.w.org\/{rel}","templated":true}]}}